{"id":1689,"date":"2023-11-09T15:00:56","date_gmt":"2023-11-09T21:00:56","guid":{"rendered":"https:\/\/demo6.web-305.com\/?page_id=1689"},"modified":"2023-11-30T10:23:49","modified_gmt":"2023-11-30T16:23:49","slug":"no-vendas-ni-compartas-tu-informacion","status":"publish","type":"page","link":"https:\/\/hellobody.mx\/en\/no-vendas-ni-compartas-tu-informacion\/","title":{"rendered":"No vendas ni compartas tu informaci\u00f3n"},"content":{"rendered":"<div data-elementor-type=\"wp-page\" data-elementor-id=\"1689\" class=\"elementor elementor-1689\" data-elementor-post-type=\"page\">\n\t\t\t\t\t\t<section data-particle_enable=\"false\" data-particle-mobile-disabled=\"false\" class=\"elementor-section elementor-top-section elementor-element elementor-element-3caaffd elementor-section-boxed elementor-section-height-default elementor-section-height-default\" data-id=\"3caaffd\" data-element_type=\"section\" data-e-type=\"section\" data-settings=\"{&quot;background_background&quot;:&quot;classic&quot;}\">\n\t\t\t\t\t\t\t<div class=\"elementor-background-overlay\"><\/div>\n\t\t\t\t\t\t\t<div class=\"elementor-container elementor-column-gap-default\">\n\t\t\t\t\t<div class=\"elementor-column elementor-col-100 elementor-top-column elementor-element elementor-element-acd0bc4\" data-id=\"acd0bc4\" data-element_type=\"column\" data-e-type=\"column\">\n\t\t\t<div class=\"elementor-widget-wrap elementor-element-populated\">\n\t\t\t\t\t\t<div class=\"elementor-element elementor-element-8fac123 elementor-invisible elementor-widget elementor-widget-heading\" data-id=\"8fac123\" data-element_type=\"widget\" data-e-type=\"widget\" data-settings=\"{&quot;_animation&quot;:&quot;fadeIn&quot;}\" data-widget_type=\"heading.default\">\n\t\t\t\t<div class=\"elementor-widget-container\">\n\t\t\t\t\t<h2 class=\"elementor-heading-title elementor-size-default\">Do not sell or share personal information <br> informaci\u00f3n personal<\/h2>\t\t\t\t<\/div>\n\t\t\t\t<\/div>\n\t\t\t\t\t<\/div>\n\t\t<\/div>\n\t\t\t\t\t<\/div>\n\t\t<\/section>\n\t\t<div data-particle_enable=\"false\" data-particle-mobile-disabled=\"false\" class=\"elementor-element elementor-element-bfa2b7d e-flex e-con-boxed e-con e-parent\" data-id=\"bfa2b7d\" data-element_type=\"container\" data-e-type=\"container\">\n\t\t\t\t\t<div class=\"e-con-inner\">\n\t\t\t\t<div class=\"elementor-element elementor-element-7088a0b elementor-widget elementor-widget-text-editor\" data-id=\"7088a0b\" data-element_type=\"widget\" data-e-type=\"widget\" data-widget_type=\"text-editor.default\">\n\t\t\t\t<div class=\"elementor-widget-container\">\n\t\t\t\t\t\t\t\t\t<p class=\"p1\"><span class=\"s1\"><b>No vender ni compartir mi informaci\u00f3n personal<\/b><\/span><\/p><p class=\"p2\">C\u00f3mo se describe en nuestra Pol\u00edtica de Privacidad, recopilamos informaci\u00f3n personal de sus interacciones con nosotros y nuestro sitio web, incluso a trav\u00e9s de cookies y tecnolog\u00edas similares. Tambi\u00e9n podemos compartir esta informaci\u00f3n personal con terceros, incluidos socios publicitarios. Hacemos esto para mostrarle anuncios en otros sitios web que sean m\u00e1s relevantes para sus intereses y por otros motivos descritos en nuestra pol\u00edtica de privacidad.<\/p><p class=\"p2\">Compartir informaci\u00f3n personal para publicidad dirigida en funci\u00f3n de su interacci\u00f3n en diferentes sitios web puede considerarse &#8220;ventas&#8221;, &#8220;compartir&#8221; o &#8220;publicidad dirigida&#8221; seg\u00fan ciertas leyes de privacidad estatales de EE. UU. Dependiendo de d\u00f3nde viva, es posible que tenga derecho a optar por no participar en estas actividades. Si desea ejercer este derecho de exclusi\u00f3n voluntaria, siga las instrucciones a continuaci\u00f3n.<\/p><p class=\"p2\">Si visita nuestro sitio web con la se\u00f1al de preferencia de exclusi\u00f3n voluntaria del Control de privacidad global habilitada, dependiendo de d\u00f3nde se encuentre, lo trataremos como una solicitud para excluirse de una actividad que puede considerarse una \u201cventa\u201d o \u201ccompartici\u00f3n\u201d de informaci\u00f3n personal. informaci\u00f3n u otros usos que pueden considerarse publicidad dirigida para el dispositivo y el navegador que utiliz\u00f3 para visitar nuestro sitio web.<\/p><p class=\"p2\">Para optar por no \u201cvender\u201d o \u201ccompartir\u201d su informaci\u00f3n personal recopilada mediante cookies y otros identificadores basados \u200b\u200ben dispositivos como se describe anteriormente, debe navegar desde uno de los estados aplicables de EE. UU. mencionados anteriormente.<\/p>\t\t\t\t\t\t\t\t<\/div>\n\t\t\t\t<\/div>\n\t\t\t\t\t<\/div>\n\t\t\t\t<\/div>\n\t\t\t\t<\/div>","protected":false},"excerpt":{"rendered":"<p>No vendas ni compartas informaci\u00f3n personal No vender ni compartir mi informaci\u00f3n personal C\u00f3mo se describe en nuestra Pol\u00edtica de Privacidad, recopilamos informaci\u00f3n personal de sus interacciones con nosotros y nuestro sitio web, incluso a trav\u00e9s de cookies y tecnolog\u00edas similares. Tambi\u00e9n podemos compartir esta informaci\u00f3n personal con terceros, incluidos socios publicitarios. Hacemos esto para [&hellip;]<\/p>\n","protected":false},"author":1,"featured_media":0,"parent":0,"menu_order":0,"comment_status":"closed","ping_status":"closed","template":"elementor_header_footer","meta":{"_joinchat":[],"footnotes":""},"class_list":["post-1689","page","type-page","status-publish","hentry"],"_links":{"self":[{"href":"https:\/\/hellobody.mx\/en\/wp-json\/wp\/v2\/pages\/1689","targetHints":{"allow":["GET"]}}],"collection":[{"href":"https:\/\/hellobody.mx\/en\/wp-json\/wp\/v2\/pages"}],"about":[{"href":"https:\/\/hellobody.mx\/en\/wp-json\/wp\/v2\/types\/page"}],"author":[{"embeddable":true,"href":"https:\/\/hellobody.mx\/en\/wp-json\/wp\/v2\/users\/1"}],"replies":[{"embeddable":true,"href":"https:\/\/hellobody.mx\/en\/wp-json\/wp\/v2\/comments?post=1689"}],"version-history":[{"count":0,"href":"https:\/\/hellobody.mx\/en\/wp-json\/wp\/v2\/pages\/1689\/revisions"}],"wp:attachment":[{"href":"https:\/\/hellobody.mx\/en\/wp-json\/wp\/v2\/media?parent=1689"}],"curies":[{"name":"wp","href":"https:\/\/api.w.org\/{rel}","templated":true}]}}