{"id":977,"date":"2023-10-11T18:19:11","date_gmt":"2023-10-11T18:19:11","guid":{"rendered":"https:\/\/demo6.web-305.com\/?page_id=977"},"modified":"2024-10-24T17:45:50","modified_gmt":"2024-10-24T23:45:50","slug":"preguntas-frecuentes","status":"publish","type":"page","link":"https:\/\/hellobody.mx\/es_mx\/preguntas-frecuentes\/","title":{"rendered":"Preguntas Frecuentes"},"content":{"rendered":"\t\t<div data-elementor-type=\"wp-page\" data-elementor-id=\"977\" class=\"elementor elementor-977\" data-elementor-post-type=\"page\">\n\t\t\t\t\t\t<section data-particle_enable=\"false\" data-particle-mobile-disabled=\"false\" class=\"elementor-section elementor-top-section elementor-element elementor-element-614f96b elementor-section-boxed elementor-section-height-default elementor-section-height-default\" data-id=\"614f96b\" data-element_type=\"section\" data-e-type=\"section\" data-settings=\"{&quot;background_background&quot;:&quot;classic&quot;}\">\n\t\t\t\t\t\t\t<div class=\"elementor-background-overlay\"><\/div>\n\t\t\t\t\t\t\t<div class=\"elementor-container elementor-column-gap-default\">\n\t\t\t\t\t<div class=\"elementor-column elementor-col-100 elementor-top-column elementor-element elementor-element-b463079\" data-id=\"b463079\" data-element_type=\"column\" data-e-type=\"column\">\n\t\t\t<div class=\"elementor-widget-wrap elementor-element-populated\">\n\t\t\t\t\t\t<div class=\"elementor-element elementor-element-dde76a1 elementor-invisible elementor-widget elementor-widget-heading\" data-id=\"dde76a1\" data-element_type=\"widget\" data-e-type=\"widget\" data-settings=\"{&quot;_animation&quot;:&quot;fadeIn&quot;}\" data-widget_type=\"heading.default\">\n\t\t\t\t<div class=\"elementor-widget-container\">\n\t\t\t\t\t<h2 class=\"elementor-heading-title elementor-size-default\">Preguntas Frecuentes<\/h2>\t\t\t\t<\/div>\n\t\t\t\t<\/div>\n\t\t\t\t\t<\/div>\n\t\t<\/div>\n\t\t\t\t\t<\/div>\n\t\t<\/section>\n\t\t\t\t<section data-particle_enable=\"false\" data-particle-mobile-disabled=\"false\" class=\"elementor-section elementor-top-section elementor-element elementor-element-6de523b elementor-section-boxed elementor-section-height-default elementor-section-height-default\" data-id=\"6de523b\" data-element_type=\"section\" data-e-type=\"section\" data-settings=\"{&quot;background_background&quot;:&quot;classic&quot;}\">\n\t\t\t\t\t\t<div class=\"elementor-container elementor-column-gap-default\">\n\t\t\t\t\t<div class=\"elementor-column elementor-col-100 elementor-top-column elementor-element elementor-element-1ea44b5\" data-id=\"1ea44b5\" data-element_type=\"column\" data-e-type=\"column\">\n\t\t\t<div class=\"elementor-widget-wrap elementor-element-populated\">\n\t\t\t\t\t\t<section data-particle_enable=\"false\" data-particle-mobile-disabled=\"false\" class=\"elementor-section elementor-inner-section elementor-element elementor-element-801ef82 elementor-section-boxed elementor-section-height-default elementor-section-height-default\" data-id=\"801ef82\" data-element_type=\"section\" data-e-type=\"section\">\n\t\t\t\t\t\t<div class=\"elementor-container elementor-column-gap-default\">\n\t\t\t\t\t<div class=\"elementor-column elementor-col-100 elementor-inner-column elementor-element elementor-element-b90c2c2\" data-id=\"b90c2c2\" data-element_type=\"column\" data-e-type=\"column\">\n\t\t\t<div class=\"elementor-widget-wrap elementor-element-populated\">\n\t\t\t\t\t\t<div class=\"elementor-element elementor-element-4900d71 elementor-widget elementor-widget-toggle\" data-id=\"4900d71\" data-element_type=\"widget\" data-e-type=\"widget\" data-widget_type=\"toggle.default\">\n\t\t\t\t<div class=\"elementor-widget-container\">\n\t\t\t\t\t\t\t<div class=\"elementor-toggle\">\n\t\t\t\t\t\t\t<div class=\"elementor-toggle-item\">\n\t\t\t\t\t<div id=\"elementor-tab-title-7651\" class=\"elementor-tab-title\" data-tab=\"1\" role=\"button\" aria-controls=\"elementor-tab-content-7651\" aria-expanded=\"false\">\n\t\t\t\t\t\t\t\t\t\t\t\t<span class=\"elementor-toggle-icon elementor-toggle-icon-right\" aria-hidden=\"true\">\n\t\t\t\t\t\t\t\t\t\t\t\t\t\t\t<span class=\"elementor-toggle-icon-closed\"><i class=\"fas fa-chevron-down\"><\/i><\/span>\n\t\t\t\t\t\t\t\t<span class=\"elementor-toggle-icon-opened\"><i class=\"elementor-toggle-icon-opened fas fa-chevron-up\"><\/i><\/span>\n\t\t\t\t\t\t\t\t\t\t\t\t\t<\/span>\n\t\t\t\t\t\t\t\t\t\t\t\t<a class=\"elementor-toggle-title\" tabindex=\"0\">\u00bfQu\u00e9 es Hello Body?<\/a>\n\t\t\t\t\t<\/div>\n\n\t\t\t\t\t<div id=\"elementor-tab-content-7651\" class=\"elementor-tab-content elementor-clearfix\" data-tab=\"1\" role=\"region\" aria-labelledby=\"elementor-tab-title-7651\"><p class=\"p1\">Hello Body es un estudio de ejercicio online que combina la m\u00fasica, fuerza, movimiento y la metodolog\u00eda sculpt para poder obtener grandes resultados con tu cuerpo en tiempo record, acompa\u00f1ado de una comunidad empoderada de mujeres.<\/p><\/div>\n\t\t\t\t<\/div>\n\t\t\t\t\t\t\t<div class=\"elementor-toggle-item\">\n\t\t\t\t\t<div id=\"elementor-tab-title-7652\" class=\"elementor-tab-title\" data-tab=\"2\" role=\"button\" aria-controls=\"elementor-tab-content-7652\" aria-expanded=\"false\">\n\t\t\t\t\t\t\t\t\t\t\t\t<span class=\"elementor-toggle-icon elementor-toggle-icon-right\" aria-hidden=\"true\">\n\t\t\t\t\t\t\t\t\t\t\t\t\t\t\t<span class=\"elementor-toggle-icon-closed\"><i class=\"fas fa-chevron-down\"><\/i><\/span>\n\t\t\t\t\t\t\t\t<span class=\"elementor-toggle-icon-opened\"><i class=\"elementor-toggle-icon-opened fas fa-chevron-up\"><\/i><\/span>\n\t\t\t\t\t\t\t\t\t\t\t\t\t<\/span>\n\t\t\t\t\t\t\t\t\t\t\t\t<a class=\"elementor-toggle-title\" tabindex=\"0\">\u00bfQu\u00e9 incluye la membres\u00eda?<\/a>\n\t\t\t\t\t<\/div>\n\n\t\t\t\t\t<div id=\"elementor-tab-content-7652\" class=\"elementor-tab-content elementor-clearfix\" data-tab=\"2\" role=\"region\" aria-labelledby=\"elementor-tab-title-7652\"><p class=\"p1\">Como miembro de Hello Body, tienes acceso a toda la biblioteca de entrenamientos y rutinas. Cada semana agregamos nuevas clases para que sea una experiencia din\u00e1mica.<\/p><\/div>\n\t\t\t\t<\/div>\n\t\t\t\t\t\t\t<div class=\"elementor-toggle-item\">\n\t\t\t\t\t<div id=\"elementor-tab-title-7653\" class=\"elementor-tab-title\" data-tab=\"3\" role=\"button\" aria-controls=\"elementor-tab-content-7653\" aria-expanded=\"false\">\n\t\t\t\t\t\t\t\t\t\t\t\t<span class=\"elementor-toggle-icon elementor-toggle-icon-right\" aria-hidden=\"true\">\n\t\t\t\t\t\t\t\t\t\t\t\t\t\t\t<span class=\"elementor-toggle-icon-closed\"><i class=\"fas fa-chevron-down\"><\/i><\/span>\n\t\t\t\t\t\t\t\t<span class=\"elementor-toggle-icon-opened\"><i class=\"elementor-toggle-icon-opened fas fa-chevron-up\"><\/i><\/span>\n\t\t\t\t\t\t\t\t\t\t\t\t\t<\/span>\n\t\t\t\t\t\t\t\t\t\t\t\t<a class=\"elementor-toggle-title\" tabindex=\"0\">\u00bfMi membres\u00eda se renueva autom\u00e1ticamente?<\/a>\n\t\t\t\t\t<\/div>\n\n\t\t\t\t\t<div id=\"elementor-tab-content-7653\" class=\"elementor-tab-content elementor-clearfix\" data-tab=\"3\" role=\"region\" aria-labelledby=\"elementor-tab-title-7653\"><p class=\"p1\">Si, el cobro se hace autom\u00e1ticamente de acuerdo al plan (mensual o anual) que elijas. Este puede ser un 1-2 d\u00edas de diferencia. En caso que el cargo sea rechazado, el sistema volver\u00e1 a intentar hasta 5 veces antes de desactivar tu suscripci\u00f3n.<\/p><\/div>\n\t\t\t\t<\/div>\n\t\t\t\t\t\t\t<div class=\"elementor-toggle-item\">\n\t\t\t\t\t<div id=\"elementor-tab-title-7654\" class=\"elementor-tab-title\" data-tab=\"4\" role=\"button\" aria-controls=\"elementor-tab-content-7654\" aria-expanded=\"false\">\n\t\t\t\t\t\t\t\t\t\t\t\t<span class=\"elementor-toggle-icon elementor-toggle-icon-right\" aria-hidden=\"true\">\n\t\t\t\t\t\t\t\t\t\t\t\t\t\t\t<span class=\"elementor-toggle-icon-closed\"><i class=\"fas fa-chevron-down\"><\/i><\/span>\n\t\t\t\t\t\t\t\t<span class=\"elementor-toggle-icon-opened\"><i class=\"elementor-toggle-icon-opened fas fa-chevron-up\"><\/i><\/span>\n\t\t\t\t\t\t\t\t\t\t\t\t\t<\/span>\n\t\t\t\t\t\t\t\t\t\t\t\t<a class=\"elementor-toggle-title\" tabindex=\"0\">\u00bfQu\u00e9 equipo necesito?<\/a>\n\t\t\t\t\t<\/div>\n\n\t\t\t\t\t<div id=\"elementor-tab-content-7654\" class=\"elementor-tab-content elementor-clearfix\" data-tab=\"4\" role=\"region\" aria-labelledby=\"elementor-tab-title-7654\"><p class=\"p1\">Para sacar el m\u00e1ximo o provecho de cada entrenamiento recomendamos que compres<\/p><p class=\"p1\">Sliders, ligas, pesas y mat<\/p><\/div>\n\t\t\t\t<\/div>\n\t\t\t\t\t\t\t<div class=\"elementor-toggle-item\">\n\t\t\t\t\t<div id=\"elementor-tab-title-7655\" class=\"elementor-tab-title\" data-tab=\"5\" role=\"button\" aria-controls=\"elementor-tab-content-7655\" aria-expanded=\"false\">\n\t\t\t\t\t\t\t\t\t\t\t\t<span class=\"elementor-toggle-icon elementor-toggle-icon-right\" aria-hidden=\"true\">\n\t\t\t\t\t\t\t\t\t\t\t\t\t\t\t<span class=\"elementor-toggle-icon-closed\"><i class=\"fas fa-chevron-down\"><\/i><\/span>\n\t\t\t\t\t\t\t\t<span class=\"elementor-toggle-icon-opened\"><i class=\"elementor-toggle-icon-opened fas fa-chevron-up\"><\/i><\/span>\n\t\t\t\t\t\t\t\t\t\t\t\t\t<\/span>\n\t\t\t\t\t\t\t\t\t\t\t\t<a class=\"elementor-toggle-title\" tabindex=\"0\">\u00bfC\u00f3mo guardo mis ejercicios favoritos?<\/a>\n\t\t\t\t\t<\/div>\n\n\t\t\t\t\t<div id=\"elementor-tab-content-7655\" class=\"elementor-tab-content elementor-clearfix\" data-tab=\"5\" role=\"region\" aria-labelledby=\"elementor-tab-title-7655\"><p class=\"p1\">Puedes crear una lista de tus ejercicios favoritos dando clic en el bot\u00f3n \u201cagregar a mi lista\u201d que se encuentra en la parte superior derecha de cada video, solo coloca el mouse encima del video y aparecer\u00e1<\/p><\/div>\n\t\t\t\t<\/div>\n\t\t\t\t\t\t\t<div class=\"elementor-toggle-item\">\n\t\t\t\t\t<div id=\"elementor-tab-title-7656\" class=\"elementor-tab-title\" data-tab=\"6\" role=\"button\" aria-controls=\"elementor-tab-content-7656\" aria-expanded=\"false\">\n\t\t\t\t\t\t\t\t\t\t\t\t<span class=\"elementor-toggle-icon elementor-toggle-icon-right\" aria-hidden=\"true\">\n\t\t\t\t\t\t\t\t\t\t\t\t\t\t\t<span class=\"elementor-toggle-icon-closed\"><i class=\"fas fa-chevron-down\"><\/i><\/span>\n\t\t\t\t\t\t\t\t<span class=\"elementor-toggle-icon-opened\"><i class=\"elementor-toggle-icon-opened fas fa-chevron-up\"><\/i><\/span>\n\t\t\t\t\t\t\t\t\t\t\t\t\t<\/span>\n\t\t\t\t\t\t\t\t\t\t\t\t<a class=\"elementor-toggle-title\" tabindex=\"0\">\u00bfC\u00f3mo cancelo mi membres\u00eda?<\/a>\n\t\t\t\t\t<\/div>\n\n\t\t\t\t\t<div id=\"elementor-tab-content-7656\" class=\"elementor-tab-content elementor-clearfix\" data-tab=\"6\" role=\"region\" aria-labelledby=\"elementor-tab-title-7656\"><p class=\"p1\">Para cancelar tu membres\u00eda solo deber ir dentro de tu cuenta al men\u00fa de configuraci\u00f3n del lado superior derecho de la pantalla, clic en gestionar suscripci\u00f3n y da clic en cancelar suscripci\u00f3n y sigue las instrucciones.<\/p><\/div>\n\t\t\t\t<\/div>\n\t\t\t\t\t\t\t<div class=\"elementor-toggle-item\">\n\t\t\t\t\t<div id=\"elementor-tab-title-7657\" class=\"elementor-tab-title\" data-tab=\"7\" role=\"button\" aria-controls=\"elementor-tab-content-7657\" aria-expanded=\"false\">\n\t\t\t\t\t\t\t\t\t\t\t\t<span class=\"elementor-toggle-icon elementor-toggle-icon-right\" aria-hidden=\"true\">\n\t\t\t\t\t\t\t\t\t\t\t\t\t\t\t<span class=\"elementor-toggle-icon-closed\"><i class=\"fas fa-chevron-down\"><\/i><\/span>\n\t\t\t\t\t\t\t\t<span class=\"elementor-toggle-icon-opened\"><i class=\"elementor-toggle-icon-opened fas fa-chevron-up\"><\/i><\/span>\n\t\t\t\t\t\t\t\t\t\t\t\t\t<\/span>\n\t\t\t\t\t\t\t\t\t\t\t\t<a class=\"elementor-toggle-title\" tabindex=\"0\">\u00bfA qu\u00e9 mail me puedo comunicar para responder mis dudas?<\/a>\n\t\t\t\t\t<\/div>\n\n\t\t\t\t\t<div id=\"elementor-tab-content-7657\" class=\"elementor-tab-content elementor-clearfix\" data-tab=\"7\" role=\"region\" aria-labelledby=\"elementor-tab-title-7657\"><p class=\"p1\"><span class=\"s1\">Si tienes cualquier duda, escribe un correo a <a href=\"mailto:hellobodymx@gmail.com\"><span class=\"s2\">hellobodymx@gmail.com<\/span><\/a> o escr\u00edbenos al chat de whats app en la p\u00e1gina de hellobody.mx<\/span><\/p><\/div>\n\t\t\t\t<\/div>\n\t\t\t\t\t\t\t\t\t\t<script type=\"application\/ld+json\">{\"@context\":\"https:\\\/\\\/schema.org\",\"@type\":\"FAQPage\",\"mainEntity\":[{\"@type\":\"Question\",\"name\":\"\\u00bfQu\\u00e9 es Hello Body?\",\"acceptedAnswer\":{\"@type\":\"Answer\",\"text\":\"<p class=\\\"p1\\\">Hello Body es un estudio de ejercicio online que combina la m\\u00fasica, fuerza, movimiento y la metodolog\\u00eda sculpt para poder obtener grandes resultados con tu cuerpo en tiempo record, acompa\\u00f1ado de una comunidad empoderada de mujeres.<\\\/p>\"}},{\"@type\":\"Question\",\"name\":\"\\u00bfQu\\u00e9 incluye la membres\\u00eda?\",\"acceptedAnswer\":{\"@type\":\"Answer\",\"text\":\"<p class=\\\"p1\\\">Como miembro de Hello Body, tienes acceso a toda la biblioteca de entrenamientos y rutinas. Cada semana agregamos nuevas clases para que sea una experiencia din\\u00e1mica.<\\\/p>\"}},{\"@type\":\"Question\",\"name\":\"\\u00bfMi membres\\u00eda se renueva autom\\u00e1ticamente?\",\"acceptedAnswer\":{\"@type\":\"Answer\",\"text\":\"<p class=\\\"p1\\\">Si, el cobro se hace autom\\u00e1ticamente de acuerdo al plan (mensual o anual) que elijas. Este puede ser un 1-2 d\\u00edas de diferencia. En caso que el cargo sea rechazado, el sistema volver\\u00e1 a intentar hasta 5 veces antes de desactivar tu suscripci\\u00f3n.<\\\/p>\"}},{\"@type\":\"Question\",\"name\":\"\\u00bfQu\\u00e9 equipo necesito?\",\"acceptedAnswer\":{\"@type\":\"Answer\",\"text\":\"<p class=\\\"p1\\\">Para sacar el m\\u00e1ximo o provecho de cada entrenamiento recomendamos que compres<\\\/p><p class=\\\"p1\\\">Sliders, ligas, pesas y mat<\\\/p>\"}},{\"@type\":\"Question\",\"name\":\"\\u00bfC\\u00f3mo guardo mis ejercicios favoritos?\",\"acceptedAnswer\":{\"@type\":\"Answer\",\"text\":\"<p class=\\\"p1\\\">Puedes crear una lista de tus ejercicios favoritos dando clic en el bot\\u00f3n \\u201cagregar a mi lista\\u201d que se encuentra en la parte superior derecha de cada video, solo coloca el mouse encima del video y aparecer\\u00e1<\\\/p>\"}},{\"@type\":\"Question\",\"name\":\"\\u00bfC\\u00f3mo cancelo mi membres\\u00eda?\",\"acceptedAnswer\":{\"@type\":\"Answer\",\"text\":\"<p class=\\\"p1\\\">Para cancelar tu membres\\u00eda solo deber ir dentro de tu cuenta al men\\u00fa de configuraci\\u00f3n del lado superior derecho de la pantalla, clic en gestionar suscripci\\u00f3n y da clic en cancelar suscripci\\u00f3n y sigue las instrucciones.<\\\/p>\"}},{\"@type\":\"Question\",\"name\":\"\\u00bfA qu\\u00e9 mail me puedo comunicar para responder mis dudas?\",\"acceptedAnswer\":{\"@type\":\"Answer\",\"text\":\"<p class=\\\"p1\\\"><span class=\\\"s1\\\">Si tienes cualquier duda, escribe un correo a <a href=\\\"mailto:hellobodymx@gmail.com\\\"><span class=\\\"s2\\\">hellobodymx@gmail.com<\\\/span><\\\/a> o escr\\u00edbenos al chat de whats app en la p\\u00e1gina de hellobody.mx<\\\/span><\\\/p>\"}}]}<\/script>\n\t\t\t\t\t<\/div>\n\t\t\t\t\t\t<\/div>\n\t\t\t\t<\/div>\n\t\t\t\t\t<\/div>\n\t\t<\/div>\n\t\t\t\t\t<\/div>\n\t\t<\/section>\n\t\t\t\t\t<\/div>\n\t\t<\/div>\n\t\t\t\t\t<\/div>\n\t\t<\/section>\n\t\t\t\t<\/div>\n\t\t","protected":false},"excerpt":{"rendered":"<p>Preguntas Frecuentes \u00bfQu\u00e9 es Hello Body? Hello Body es un estudio de ejercicio online que combina la m\u00fasica, fuerza, movimiento y la metodolog\u00eda sculpt para poder obtener grandes resultados con tu cuerpo en tiempo record, acompa\u00f1ado de una comunidad empoderada de mujeres. \u00bfQu\u00e9 incluye la membres\u00eda? Como miembro de Hello Body, tienes acceso a toda [&hellip;]<\/p>\n","protected":false},"author":5,"featured_media":0,"parent":0,"menu_order":0,"comment_status":"closed","ping_status":"closed","template":"elementor_header_footer","meta":{"_joinchat":[],"footnotes":""},"class_list":["post-977","page","type-page","status-publish","hentry"],"_links":{"self":[{"href":"https:\/\/hellobody.mx\/es_mx\/wp-json\/wp\/v2\/pages\/977","targetHints":{"allow":["GET"]}}],"collection":[{"href":"https:\/\/hellobody.mx\/es_mx\/wp-json\/wp\/v2\/pages"}],"about":[{"href":"https:\/\/hellobody.mx\/es_mx\/wp-json\/wp\/v2\/types\/page"}],"author":[{"embeddable":true,"href":"https:\/\/hellobody.mx\/es_mx\/wp-json\/wp\/v2\/users\/5"}],"replies":[{"embeddable":true,"href":"https:\/\/hellobody.mx\/es_mx\/wp-json\/wp\/v2\/comments?post=977"}],"version-history":[{"count":0,"href":"https:\/\/hellobody.mx\/es_mx\/wp-json\/wp\/v2\/pages\/977\/revisions"}],"wp:attachment":[{"href":"https:\/\/hellobody.mx\/es_mx\/wp-json\/wp\/v2\/media?parent=977"}],"curies":[{"name":"wp","href":"https:\/\/api.w.org\/{rel}","templated":true}]}}