{"id":979,"date":"2023-10-11T18:19:33","date_gmt":"2023-10-11T18:19:33","guid":{"rendered":"https:\/\/demo6.web-305.com\/?page_id=979"},"modified":"2023-11-30T10:22:59","modified_gmt":"2023-11-30T16:22:59","slug":"politica-de-privacidad","status":"publish","type":"page","link":"https:\/\/hellobody.mx\/es_mx\/politica-de-privacidad\/","title":{"rendered":"Pol\u00edtica de privacidad"},"content":{"rendered":"\t\t<div data-elementor-type=\"wp-page\" data-elementor-id=\"979\" class=\"elementor elementor-979\" data-elementor-post-type=\"page\">\n\t\t\t\t\t\t<section data-particle_enable=\"false\" data-particle-mobile-disabled=\"false\" class=\"elementor-section elementor-top-section elementor-element elementor-element-9628075 elementor-section-boxed elementor-section-height-default elementor-section-height-default\" data-id=\"9628075\" data-element_type=\"section\" data-e-type=\"section\" data-settings=\"{&quot;background_background&quot;:&quot;classic&quot;}\">\n\t\t\t\t\t\t\t<div class=\"elementor-background-overlay\"><\/div>\n\t\t\t\t\t\t\t<div class=\"elementor-container elementor-column-gap-default\">\n\t\t\t\t\t<div class=\"elementor-column elementor-col-100 elementor-top-column elementor-element elementor-element-466d77d\" data-id=\"466d77d\" data-element_type=\"column\" data-e-type=\"column\">\n\t\t\t<div class=\"elementor-widget-wrap elementor-element-populated\">\n\t\t\t\t\t\t<div class=\"elementor-element elementor-element-84c936a elementor-invisible elementor-widget elementor-widget-heading\" data-id=\"84c936a\" data-element_type=\"widget\" data-e-type=\"widget\" data-settings=\"{&quot;_animation&quot;:&quot;fadeIn&quot;}\" data-widget_type=\"heading.default\">\n\t\t\t\t<div class=\"elementor-widget-container\">\n\t\t\t\t\t<h2 class=\"elementor-heading-title elementor-size-default\">Pol\u00edticas de Privacidad<\/h2>\t\t\t\t<\/div>\n\t\t\t\t<\/div>\n\t\t\t\t\t<\/div>\n\t\t<\/div>\n\t\t\t\t\t<\/div>\n\t\t<\/section>\n\t\t<div data-particle_enable=\"false\" data-particle-mobile-disabled=\"false\" class=\"elementor-element elementor-element-ee26179 e-flex e-con-boxed e-con e-parent\" data-id=\"ee26179\" data-element_type=\"container\" data-e-type=\"container\">\n\t\t\t\t\t<div class=\"e-con-inner\">\n\t\t\t\t<div class=\"elementor-element elementor-element-a059ef9 elementor-widget elementor-widget-text-editor\" data-id=\"a059ef9\" data-element_type=\"widget\" data-e-type=\"widget\" data-widget_type=\"text-editor.default\">\n\t\t\t\t<div class=\"elementor-widget-container\">\n\t\t\t\t\t\t\t\t\t<p class=\"p1\"><b>Pol\u00edtica de Privacidad<\/b><\/p><p class=\"p1\">Pol\u00edtica de Privacidad de HELLO BODY<\/p><p class=\"p1\">Esta Pol\u00edtica de Privacidad describe c\u00f3mo se recopila, utiliza y comparte su informaci\u00f3n personal cuando visita o realiza una compra en www.hellobody.mx (el \u201cSitio\u201d).<\/p><p class=\"p1\">INFORMACI\u00d3N PERSONAL QUE RECOPILAMOS<\/p><p class=\"p1\">Cuando visita el Sitio, recopilamos autom\u00e1ticamente cierta informaci\u00f3n sobre su dispositivo, incluida informaci\u00f3n sobre su navegador web, direcci\u00f3n IP, zona horaria y algunas de las cookies que est\u00e1n instaladas en su dispositivo. Adem\u00e1s, mientras navega por el Sitio, recopilamos informaci\u00f3n sobre las p\u00e1ginas web o productos individuales que ve, qu\u00e9 sitios web o t\u00e9rminos de b\u00fasqueda lo remitieron al Sitio e informaci\u00f3n sobre c\u00f3mo interact\u00faa con el Sitio. Nos referimos a esta informaci\u00f3n recopilada autom\u00e1ticamente como &#8220;Informaci\u00f3n del dispositivo\u201d.<\/p><p class=\"p1\">Recopilamos informaci\u00f3n del dispositivo utilizando las siguientes tecnolog\u00edas:<\/p><ul class=\"ul1\"><li class=\"li3\"><span class=\"s2\">Las \u201ccookies\u201d son archivos de datos que se colocan en su dispositivo o computadora y, a menudo, incluyen un identificador \u00fanico an\u00f3nimo. Para obtener m\u00e1s informaci\u00f3n sobre las cookies y c\u00f3mo desactivarlas, visite http:\/\/www.allaboutcookies.org. &#8211; Los &#8220;archivos de registro&#8221; rastrean las acciones que ocurren en el Sitio y recopilan datos que incluyen su direcci\u00f3n IP, tipo de navegador, proveedor de servicios de Internet, p\u00e1ginas de referencia\/salida y marcas de fecha\/hora. &#8211; Las \u201cbalizas web\u201d, las \u201cetiquetas\u201d y los \u201cp\u00edxeles\u201d son archivos electr\u00f3nicos que se utilizan para registrar informaci\u00f3n sobre c\u00f3mo navega por el Sitio. Adem\u00e1s, cuando realiza una compra o intenta realizar una compra a trav\u00e9s del Sitio, recopilamos cierta informaci\u00f3n suya, incluido su nombre, direcci\u00f3n de facturaci\u00f3n, direcci\u00f3n de env\u00edo, informaci\u00f3n de pago (incluidos n\u00fameros de tarjetas de cr\u00e9dito), direcci\u00f3n de correo electr\u00f3nico y n\u00famero de tel\u00e9fono. Nos referimos a esta informaci\u00f3n como &#8220;Informaci\u00f3n del pedido\u201d.<\/span><\/li><\/ul><p class=\"p1\">Cuando hablamos de \u201cInformaci\u00f3n personal\u201d en esta Pol\u00edtica de privacidad, nos referimos tanto a Informaci\u00f3n del dispositivo como a Informaci\u00f3n del pedido.<\/p><p class=\"p1\">\u00bfCOMO USAMOS TU INFORMACI\u00d3N PERSONAL?<\/p><p class=\"p1\">Usamos la Informaci\u00f3n de pedido que recopilamos generalmente para cumplir con cualquier pedido realizado a trav\u00e9s del Sitio (incluido el procesamiento de su informaci\u00f3n de pago, la organizaci\u00f3n del env\u00edo y el suministro de facturas y\/o confirmaciones de pedido). Adem\u00e1s, utilizamos esta Informaci\u00f3n de pedido para: Comunicarnos con usted; Examinar nuestros pedidos para detectar riesgos potenciales o fraude; y Cuando est\u00e9 en l\u00ednea con las preferencias que ha compartido con nosotros, brindarle informaci\u00f3n o publicidad relacionada con nuestros productos o servicios. Usamos la informaci\u00f3n del dispositivo que recopilamos para ayudarnos a detectar posibles riesgos y fraudes (en particular, su direcci\u00f3n IP) y, de manera m\u00e1s general, para mejorar y optimizar nuestro sitio (por ejemplo, generando an\u00e1lisis sobre c\u00f3mo nuestros clientes navegan e interact\u00faan con el Sitio y para evaluar el \u00e9xito de nuestras campa\u00f1as de marketing y publicidad).<\/p><p class=\"p1\">COMPARTIR SU INFORMACI\u00d3N PERSONAL<\/p><p class=\"p1\">Compartimos su Informaci\u00f3n personal con terceros para ayudarnos a usar su Informaci\u00f3n personal, como se describe anteriormente. Por ejemplo, usamos Shopify para impulsar nuestra tienda en l\u00ednea; puede leer m\u00e1s sobre c\u00f3mo Shopify usa su informaci\u00f3n personal aqu\u00ed: https:\/\/www.shopify.com\/legal\/privacy. Tambi\u00e9n utilizamos Google Analytics para ayudarnos a comprender c\u00f3mo nuestros clientes usan el Sitio; puede leer m\u00e1s sobre c\u00f3mo Google usa su Informaci\u00f3n personal aqu\u00ed: https:\/\/www.google.com\/intl\/en\/policies\/privacy\/. Tambi\u00e9n puede darse de baja de Google Analytics aqu\u00ed: https:\/\/tools.google.com\/dlpage\/gaoptout. Finalmente, tambi\u00e9n podemos compartir su Informaci\u00f3n personal para cumplir con las leyes y regulaciones aplicables, para responder a una citaci\u00f3n, orden de registro u otra solicitud legal de informaci\u00f3n que recibamos, o para proteger nuestros derechos de otro modo.<\/p><p class=\"p1\">PUBLICIDAD CONDUCTA<span class=\"Apple-converted-space\">\u00a0<\/span><\/p><p class=\"p1\">Como se describi\u00f3 anteriormente, utilizamos su informaci\u00f3n personal para brindarle publicidad dirigida o comunicaciones de marketing que creemos que pueden ser de su inter\u00e9s. Para obtener m\u00e1s informaci\u00f3n sobre c\u00f3mo funciona la publicidad dirigida, puede visitar la p\u00e1gina educativa de Network Advertising Initiative (&#8220;NAI&#8221;) en http:\/\/www.networkadvertising.org\/understanding-online-advertising\/how-does-it-work. Puede optar por no recibir publicidad dirigida a trav\u00e9s de:\u00a0 \u00a0 FACEBOOK &#8211; https:\/\/www.facebook.com\/settings\/?tab=ads\u00a0 \u00a0 GOOGLE &#8211; https:\/\/www.google.com\/settings\/ads\/anonymous\u00a0 \u00a0 BING &#8211; https:\/\/ publicidad.bingads.microsoft.com\/en-us\/resources\/policies\/personalized-adsAdem\u00e1s, puede optar por no recibir algunos de estos servicios visitando el portal de exclusi\u00f3n voluntaria de Digital Advertising Alliance en: http:\/\/optout.aboutads. informaci\u00f3n\/.<\/p><p class=\"p1\">NO SEGUIR<span class=\"Apple-converted-space\">\u00a0<\/span><\/p><p class=\"p1\">Tenga en cuenta que no modificamos las pr\u00e1cticas de uso y recopilaci\u00f3n de datos de nuestro Sitio cuando vemos una se\u00f1al de No rastrear desde su navegador.<\/p><p class=\"p1\">SUS DERECHOS<span class=\"Apple-converted-space\">\u00a0<\/span><\/p><p class=\"p1\">Si es residente europeo, tiene derecho a acceder a la informaci\u00f3n personal que tenemos sobre usted y a solicitar que su informaci\u00f3n personal se corrija, actualice o elimine. Si desea ejercer este derecho, comun\u00edquese con nosotros a trav\u00e9s de la informaci\u00f3n de contacto a continuaci\u00f3n. Adem\u00e1s, si usted es residente europeo, tomamos nota de que estamos procesando su informaci\u00f3n para cumplir con los contratos que podamos tener con usted (por ejemplo, si realiza un pedido a trav\u00e9s del Sitio) o, de otro modo, para perseguir nuestros intereses comerciales leg\u00edtimos enumerados anteriormente. Adem\u00e1s, tenga en cuenta que su informaci\u00f3n se transferir\u00e1 fuera de Europa, incluidos Canad\u00e1 y Estados Unidos.<\/p><p class=\"p1\">RETENCI\u00d3N DE DATOS<span class=\"Apple-converted-space\">\u00a0<\/span><\/p><p class=\"p1\">Cuando realiza un pedido a trav\u00e9s del Sitio, mantendremos la informaci\u00f3n de su pedido para nuestros registros a menos y hasta que nos solicite que eliminemos esta informaci\u00f3n.<\/p><p class=\"p1\">CAMBIOS<\/p><p class=\"p1\">Podemos actualizar esta pol\u00edtica de privacidad de vez en cuando para reflejar, por ejemplo, cambios en nuestras pr\u00e1cticas o por otras razones operativas, legales o regulatorias.<\/p><p class=\"p1\">CONT\u00c1CTENOS<span class=\"Apple-converted-space\">\u00a0<\/span><\/p><p class=\"p1\">Para obtener m\u00e1s informaci\u00f3n sobre nuestras pr\u00e1cticas de privacidad, si tiene preguntas o si desea presentar una queja, cont\u00e1ctenos por correo electr\u00f3nico a hellobodymx@gmail.com.<\/p>\t\t\t\t\t\t\t\t<\/div>\n\t\t\t\t<\/div>\n\t\t\t\t\t<\/div>\n\t\t\t\t<\/div>\n\t\t\t\t<\/div>\n\t\t","protected":false},"excerpt":{"rendered":"<p>Pol\u00edticas de Privacidad Pol\u00edtica de Privacidad Pol\u00edtica de Privacidad de HELLO BODY Esta Pol\u00edtica de Privacidad describe c\u00f3mo se recopila, utiliza y comparte su informaci\u00f3n personal cuando visita o realiza una compra en www.hellobody.mx (el \u201cSitio\u201d). INFORMACI\u00d3N PERSONAL QUE RECOPILAMOS Cuando visita el Sitio, recopilamos autom\u00e1ticamente cierta informaci\u00f3n sobre su dispositivo, incluida informaci\u00f3n sobre su [&hellip;]<\/p>\n","protected":false},"author":5,"featured_media":0,"parent":0,"menu_order":0,"comment_status":"closed","ping_status":"closed","template":"elementor_header_footer","meta":{"_joinchat":[],"footnotes":""},"class_list":["post-979","page","type-page","status-publish","hentry"],"_links":{"self":[{"href":"https:\/\/hellobody.mx\/es_mx\/wp-json\/wp\/v2\/pages\/979","targetHints":{"allow":["GET"]}}],"collection":[{"href":"https:\/\/hellobody.mx\/es_mx\/wp-json\/wp\/v2\/pages"}],"about":[{"href":"https:\/\/hellobody.mx\/es_mx\/wp-json\/wp\/v2\/types\/page"}],"author":[{"embeddable":true,"href":"https:\/\/hellobody.mx\/es_mx\/wp-json\/wp\/v2\/users\/5"}],"replies":[{"embeddable":true,"href":"https:\/\/hellobody.mx\/es_mx\/wp-json\/wp\/v2\/comments?post=979"}],"version-history":[{"count":0,"href":"https:\/\/hellobody.mx\/es_mx\/wp-json\/wp\/v2\/pages\/979\/revisions"}],"wp:attachment":[{"href":"https:\/\/hellobody.mx\/es_mx\/wp-json\/wp\/v2\/media?parent=979"}],"curies":[{"name":"wp","href":"https:\/\/api.w.org\/{rel}","templated":true}]}}